{"id":6685,"date":"2018-09-25T14:55:48","date_gmt":"2018-09-25T12:55:48","guid":{"rendered":"https:\/\/francas-paca.fr\/francas04\/adherer-aux-francas\/"},"modified":"2019-05-17T16:11:27","modified_gmt":"2019-05-17T14:11:27","slug":"adherer-aux-francas","status":"publish","type":"page","link":"https:\/\/francas-paca.fr\/francas84\/les-francas\/adherer-aux-francas\/","title":{"rendered":"Adh\u00e9rer aux Francas"},"content":{"rendered":"[vc_row type=\u00a0\u00bbfull_width_background\u00a0\u00bb full_screen_row_position=\u00a0\u00bbmiddle\u00a0\u00bb bg_image=\u00a0\u00bb7091&Prime; bg_position=\u00a0\u00bbcenter top\u00a0\u00bb bg_repeat=\u00a0\u00bbno-repeat\u00a0\u00bb scene_position=\u00a0\u00bbcenter\u00a0\u00bb text_color=\u00a0\u00bblight\u00a0\u00bb text_align=\u00a0\u00bbleft\u00a0\u00bb top_padding=\u00a0\u00bb9%\u00a0\u00bb bottom_padding=\u00a0\u00bb6%\u00a0\u00bb enable_gradient=\u00a0\u00bbtrue\u00a0\u00bb color_overlay=\u00a0\u00bb#e84f13&Prime; color_overlay_2=\u00a0\u00bb#ffd500&Prime; gradient_direction=\u00a0\u00bbleft_t_to_right_b\u00a0\u00bb overlay_strength=\u00a0\u00bb0.8&Prime; enable_shape_divider=\u00a0\u00bbtrue\u00a0\u00bb shape_divider_position=\u00a0\u00bbbottom\u00a0\u00bb shape_divider_height=\u00a0\u00bb90&Prime; bg_image_animation=\u00a0\u00bbnone\u00a0\u00bb parallax_bg=\u00a0\u00bbtrue\u00a0\u00bb parallax_bg_speed=\u00a0\u00bbfast\u00a0\u00bb shape_type=\u00a0\u00bbcurve_opacity\u00a0\u00bb][vc_column column_padding=\u00a0\u00bbno-extra-padding\u00a0\u00bb column_padding_position=\u00a0\u00bball\u00a0\u00bb background_color_opacity=\u00a0\u00bb1&Prime; background_hover_color_opacity=\u00a0\u00bb1&Prime; column_link_target=\u00a0\u00bb_self\u00a0\u00bb column_shadow=\u00a0\u00bbnone\u00a0\u00bb column_border_radius=\u00a0\u00bbnone\u00a0\u00bb width=\u00a0\u00bb4\/6&Prime; tablet_width_inherit=\u00a0\u00bbdefault\u00a0\u00bb tablet_text_alignment=\u00a0\u00bbdefault\u00a0\u00bb phone_text_alignment=\u00a0\u00bbdefault\u00a0\u00bb column_border_width=\u00a0\u00bbnone\u00a0\u00bb column_border_style=\u00a0\u00bbsolid\u00a0\u00bb bg_image_animation=\u00a0\u00bbnone\u00a0\u00bb][divider line_type=\u00a0\u00bbNo Line\u00a0\u00bb custom_height=\u00a0\u00bb50&Prime;][vc_column_text]\n<h1>Adh\u00e9rer aux Francas<\/h1>\n<h3>Engagement individuel ou affiliation collective pour les structures<\/h3>\n[\/vc_column_text][divider line_type=\u00a0\u00bbNo Line\u00a0\u00bb custom_height=\u00a0\u00bb40&Prime;][nectar_animated_title heading_tag=\u00a0\u00bbh3&Prime; style=\u00a0\u00bbhinge-drop\u00a0\u00bb color=\u00a0\u00bbExtra-Color-3&Prime; text=\u00a0\u00bbD\u00e9fendre la cause de l&rsquo;enfance, d\u00e9velopper l&rsquo;action \u00e9ducative\u00a0\u00bb][vc_column_text]\n<h4><strong>Pr\u00e9sents et actifs au niveau local en f\u00e9d\u00e9rant des organisateurs de loisirs \u00e9ducatifs, les Francas, mouvement d\u2019\u00e9ducation populaire, rassemblent tous ceux qui apportent leurs id\u00e9es et contribuent par l\u2019action \u00e0 l\u2019\u00e9ducation des enfants.<\/strong><\/h4>\n[\/vc_column_text][\/vc_column][vc_column centered_text=\u00a0\u00bbtrue\u00a0\u00bb column_padding=\u00a0\u00bbno-extra-padding\u00a0\u00bb column_padding_position=\u00a0\u00bball\u00a0\u00bb background_color_opacity=\u00a0\u00bb1&Prime; background_hover_color_opacity=\u00a0\u00bb1&Prime; column_link_target=\u00a0\u00bb_self\u00a0\u00bb column_shadow=\u00a0\u00bbnone\u00a0\u00bb column_border_radius=\u00a0\u00bbnone\u00a0\u00bb width=\u00a0\u00bb1\/12&Prime; tablet_width_inherit=\u00a0\u00bbdefault\u00a0\u00bb tablet_text_alignment=\u00a0\u00bbdefault\u00a0\u00bb phone_text_alignment=\u00a0\u00bbdefault\u00a0\u00bb column_border_width=\u00a0\u00bbnone\u00a0\u00bb column_border_style=\u00a0\u00bbsolid\u00a0\u00bb bg_image_animation=\u00a0\u00bbnone\u00a0\u00bb][\/vc_column][vc_column column_padding=\u00a0\u00bbpadding-2-percent\u00a0\u00bb column_padding_position=\u00a0\u00bbtop-bottom\u00a0\u00bb background_color_opacity=\u00a0\u00bb1&Prime; background_hover_color_opacity=\u00a0\u00bb1&Prime; column_link_target=\u00a0\u00bb_self\u00a0\u00bb column_shadow=\u00a0\u00bbnone\u00a0\u00bb column_border_radius=\u00a0\u00bbnone\u00a0\u00bb width=\u00a0\u00bb1\/4&Prime; tablet_width_inherit=\u00a0\u00bbdefault\u00a0\u00bb tablet_text_alignment=\u00a0\u00bbdefault\u00a0\u00bb phone_text_alignment=\u00a0\u00bbdefault\u00a0\u00bb column_border_width=\u00a0\u00bbnone\u00a0\u00bb column_border_style=\u00a0\u00bbsolid\u00a0\u00bb bg_image_animation=\u00a0\u00bbnone\u00a0\u00bb][image_with_animation image_url=\u00a0\u00bb7090&Prime; alignment=\u00a0\u00bbright\u00a0\u00bb animation=\u00a0\u00bbFade In\u00a0\u00bb border_radius=\u00a0\u00bbnone\u00a0\u00bb box_shadow=\u00a0\u00bbnone\u00a0\u00bb max_width=\u00a0\u00bb75%\u00a0\u00bb][\/vc_column][\/vc_row][vc_row type=\u00a0\u00bbin_container\u00a0\u00bb full_screen_row_position=\u00a0\u00bbmiddle\u00a0\u00bb scene_position=\u00a0\u00bbcenter\u00a0\u00bb text_color=\u00a0\u00bbdark\u00a0\u00bb text_align=\u00a0\u00bbleft\u00a0\u00bb overlay_strength=\u00a0\u00bb0.3&Prime; shape_divider_position=\u00a0\u00bbbottom\u00a0\u00bb bg_image_animation=\u00a0\u00bbnone\u00a0\u00bb][vc_column column_padding=\u00a0\u00bbpadding-3-percent\u00a0\u00bb column_padding_position=\u00a0\u00bball\u00a0\u00bb background_color_opacity=\u00a0\u00bb1&Prime; background_hover_color_opacity=\u00a0\u00bb1&Prime; column_link_target=\u00a0\u00bb_self\u00a0\u00bb column_shadow=\u00a0\u00bbnone\u00a0\u00bb column_border_radius=\u00a0\u00bbnone\u00a0\u00bb width=\u00a0\u00bb1\/2&Prime; tablet_width_inherit=\u00a0\u00bbdefault\u00a0\u00bb tablet_text_alignment=\u00a0\u00bbdefault\u00a0\u00bb phone_text_alignment=\u00a0\u00bbdefault\u00a0\u00bb column_border_width=\u00a0\u00bbnone\u00a0\u00bb column_border_style=\u00a0\u00bbsolid\u00a0\u00bb bg_image_animation=\u00a0\u00bbnone\u00a0\u00bb][divider line_type=\u00a0\u00bbNo Line\u00a0\u00bb custom_height=\u00a0\u00bb30&Prime;][vc_column_text]\n<h2 style=\"text-align: center;\"><i class=\"icon-default-style fa fa-users dates sp\u00e9ciales \/ couleur d&#039;\u00e9v\u00e9nement\"><\/i> L&rsquo;affiliation collective<\/h2>\n[\/vc_column_text][vc_column_text]\n<h3 style=\"text-align: center;\">Pour les associations et collectivit\u00e9s<\/h3>\n[\/vc_column_text][image_with_animation image_url=\u00a0\u00bb7088&Prime; alignment=\u00a0\u00bbcenter\u00a0\u00bb animation=\u00a0\u00bbNone\u00a0\u00bb border_radius=\u00a0\u00bb10px\u00a0\u00bb box_shadow=\u00a0\u00bbsmall_depth\u00a0\u00bb max_width=\u00a0\u00bb75%\u00a0\u00bb][divider line_type=\u00a0\u00bbNo Line\u00a0\u00bb custom_height=\u00a0\u00bb30&Prime;][vc_column_text]Les Francas se veulent espace de rencontre de tous les \u00e9ducateurs, enseignants, parents, animateurs&#8230; favorisant le brassage des origines, des \u00e2ges et des milieux.<\/p>\n<p>L\u2019aspect f\u00e9d\u00e9ratif des Francas permet<strong> une mise en r\u00e9seau<\/strong> de nombreux partenaires, et autres structures affili\u00e9es. Ce syst\u00e8me d\u2019affiliation permet une mutualisation des comp\u00e9tences et des ressources, vise aussi \u00e0 apporter conseil et accompagnement aux structures.<\/p>\n<p>L&rsquo;association des Francas de l&rsquo;Ain a pour but :<\/p>\n<ul>\n<li>De promouvoir la place que les enfants et les jeunes doivent avoir dans la soci\u00e9t\u00e9, et de d\u00e9velopper des projets d\u2019accueil et d\u2019activit\u00e9s \u00e0 l\u2019intention des enfants,<\/li>\n<li>De regrouper les activit\u00e9s et les structures de loisirs- notamment les centre de loisirs \u2013 r\u00e9pondant aux besoins des enfants et des familles, d\u2019en assumer au besoin la gestion,<\/li>\n<li>D\u2019inciter \u00e0 l\u2019\u00e9laboration et \u00e0 la mise en \u0153uvre de projets \u00e9ducatifs comme de participer \u00e0 leur r\u00e9alisation,<\/li>\n<li>De susciter en fonction des besoins, la cr\u00e9ation de structures et d\u2019activit\u00e9s adapt\u00e9es aux conditions d\u2019existence,<\/li>\n<li>D\u2019informer et de former les personnes concern\u00e9es par les enfants, les jeunes et leur \u00e9ducation,<\/li>\n<li>D\u2019\u00e9tudier et de promouvoir les m\u00e9thodes et les outils d\u2019animation et d\u2019information adapt\u00e9s aux structures et aux publics.<\/li>\n<\/ul>\n<p>La\u00efque elle respecte la personne sans distinction d\u2019\u00e2ge, de sexe, d\u2019origine, d\u2019apparence ethnique, de nationalit\u00e9, de condition sociale, de conviction philosophique ou religieuse.<\/p>\n<p>Elle est ind\u00e9pendante des partis, syndicats, institutions religieuses et philosophiques. Elle s\u2019engage \u00e0 promouvoir les droits de l\u2019enfant ainsi qu\u2019une \u00e9ducation la\u00efque ouverte accessible \u00e0 tous.[\/vc_column_text][nectar_btn size=\u00a0\u00bblarge\u00a0\u00bb button_style=\u00a0\u00bbsee-through\u00a0\u00bb button_color_2=\u00a0\u00bbAccent-Color\u00a0\u00bb icon_family=\u00a0\u00bbfontawesome\u00a0\u00bb url=\u00a0\u00bb\/contact\u00a0\u00bb text=\u00a0\u00bbContactez-nous\u00a0\u00bb icon_fontawesome=\u00a0\u00bbfa fa-bullhorn\u00a0\u00bb][\/vc_column][vc_column column_padding=\u00a0\u00bbpadding-3-percent\u00a0\u00bb column_padding_position=\u00a0\u00bball\u00a0\u00bb background_color_opacity=\u00a0\u00bb1&Prime; background_hover_color_opacity=\u00a0\u00bb1&Prime; column_link_target=\u00a0\u00bb_self\u00a0\u00bb column_shadow=\u00a0\u00bbnone\u00a0\u00bb column_border_radius=\u00a0\u00bbnone\u00a0\u00bb width=\u00a0\u00bb1\/2&Prime; tablet_width_inherit=\u00a0\u00bbdefault\u00a0\u00bb tablet_text_alignment=\u00a0\u00bbdefault\u00a0\u00bb phone_text_alignment=\u00a0\u00bbdefault\u00a0\u00bb column_border_width=\u00a0\u00bbnone\u00a0\u00bb column_border_style=\u00a0\u00bbsolid\u00a0\u00bb bg_image_animation=\u00a0\u00bbnone\u00a0\u00bb][divider line_type=\u00a0\u00bbNo Line\u00a0\u00bb custom_height=\u00a0\u00bb30&Prime;][vc_column_text]\n<h2 style=\"text-align: center;\"><i class=\"icon-default-style fa fa-bullhorn dates sp\u00e9ciales \/ couleur d&#039;\u00e9v\u00e9nement\"><\/i> L&rsquo;adh\u00e9sion individuelle<\/h2>\n[\/vc_column_text][vc_column_text]\n<h3 style=\"text-align: center;\">Pour les personnes qui souhaitent s&rsquo;engager<\/h3>\n[\/vc_column_text][image_with_animation image_url=\u00a0\u00bb7089&Prime; alignment=\u00a0\u00bbcenter\u00a0\u00bb animation=\u00a0\u00bbNone\u00a0\u00bb border_radius=\u00a0\u00bb10px\u00a0\u00bb box_shadow=\u00a0\u00bbsmall_depth\u00a0\u00bb max_width=\u00a0\u00bb75%\u00a0\u00bb][divider line_type=\u00a0\u00bbNo Line\u00a0\u00bb custom_height=\u00a0\u00bb30&Prime;][vc_column_text]<strong>Adh\u00e9rer aux Francas<\/strong>, c\u2019est soutenir et contribuer \u00e0 l\u2019action de cette f\u00e9d\u00e9ration de centres de Loisirs et de ce mouvement d\u2019\u00e9ducation pour l\u2019enfance et la jeunesse.<\/p>\n<p>La f\u00e9d\u00e9ration des Francas, organisation la\u00efque ind\u00e9pendante, est reconnue d\u2019utilit\u00e9 publique. Les Francas sont un rassemblement de personnes et d\u2019organisateurs locaux d\u2019activit\u00e9s, qui depuis leur cr\u00e9ation sont anim\u00e9s par la volont\u00e9 de promouvoir la place que les enfants et les adolescents doivent avoir dans la soci\u00e9t\u00e9.<\/p>\n<p>Chaque enfant apprend, construit ses rep\u00e8res et se structure \u00e0 partir des influences qu\u2019il produit et qu\u2019il re\u00e7oit de son environnement. L\u2019\u00e9ducation est donc une question qui concerne tout le monde. Elle n\u00e9cessite l\u2019implication de tous, avec d\u00e9termination.<\/p>\n<p><strong>Adh\u00e9rer aux Francas<\/strong>, c\u2019est participer du mouvement, organe dynamique qui fait \u00e9merger les id\u00e9es nouvelles, les exp\u00e9riences et surtout les fait v\u00e9hiculer par des acteurs engag\u00e9s.[\/vc_column_text][nectar_btn size=\u00a0\u00bblarge\u00a0\u00bb open_new_tab=\u00a0\u00bbtrue\u00a0\u00bb button_style=\u00a0\u00bbsee-through\u00a0\u00bb button_color_2=\u00a0\u00bbAccent-Color\u00a0\u00bb icon_family=\u00a0\u00bbfontawesome\u00a0\u00bb url=\u00a0\u00bbhttps:\/\/francas-aura.fr\/francas01\/wp-content\/uploads\/2018\/11\/depliant_bulletin_version_web.pdf\u00a0\u00bb text=\u00a0\u00bbT\u00e9l\u00e9charger le bulletin d&rsquo;adh\u00e9sion\u00a0\u00bb icon_fontawesome=\u00a0\u00bbfa fa-bullhorn\u00a0\u00bb][divider line_type=\u00a0\u00bbNo Line\u00a0\u00bb custom_height=\u00a0\u00bb20&Prime;]<div class=\"iwithtext\"><div class=\"iwt-icon\"> <i class=\"icon-default-style fa fa-check-square-o extra-color-2\"><\/i> <\/div><div class=\"iwt-text\"> Renvoyer le bulletin et le ch\u00e8que par la poste <a href=\"\/contact\/\">aux Francas des Alpes-de-Haute-Provence<\/a> <\/div><div class=\"clear\"><\/div><\/div>[\/vc_column][\/vc_row][vc_row type=\u00a0\u00bbin_container\u00a0\u00bb full_screen_row_position=\u00a0\u00bbmiddle\u00a0\u00bb scene_position=\u00a0\u00bbcenter\u00a0\u00bb text_color=\u00a0\u00bbdark\u00a0\u00bb text_align=\u00a0\u00bbleft\u00a0\u00bb overlay_strength=\u00a0\u00bb0.3&Prime; shape_divider_position=\u00a0\u00bbbottom\u00a0\u00bb bg_image_animation=\u00a0\u00bbnone\u00a0\u00bb][vc_column column_padding=\u00a0\u00bbno-extra-padding\u00a0\u00bb column_padding_position=\u00a0\u00bball\u00a0\u00bb background_color_opacity=\u00a0\u00bb1&Prime; background_hover_color_opacity=\u00a0\u00bb1&Prime; column_link_target=\u00a0\u00bb_self\u00a0\u00bb column_shadow=\u00a0\u00bbnone\u00a0\u00bb column_border_radius=\u00a0\u00bbnone\u00a0\u00bb width=\u00a0\u00bb2\/3&Prime; tablet_width_inherit=\u00a0\u00bbdefault\u00a0\u00bb tablet_text_alignment=\u00a0\u00bbdefault\u00a0\u00bb phone_text_alignment=\u00a0\u00bbdefault\u00a0\u00bb column_border_width=\u00a0\u00bbnone\u00a0\u00bb column_border_style=\u00a0\u00bbsolid\u00a0\u00bb bg_image_animation=\u00a0\u00bbnone\u00a0\u00bb][\/vc_column][vc_column column_padding=\u00a0\u00bbno-extra-padding\u00a0\u00bb column_padding_position=\u00a0\u00bball\u00a0\u00bb background_color_opacity=\u00a0\u00bb1&Prime; background_hover_color_opacity=\u00a0\u00bb1&Prime; column_link_target=\u00a0\u00bb_self\u00a0\u00bb column_shadow=\u00a0\u00bbnone\u00a0\u00bb column_border_radius=\u00a0\u00bbnone\u00a0\u00bb width=\u00a0\u00bb1\/6&Prime; tablet_width_inherit=\u00a0\u00bbdefault\u00a0\u00bb tablet_text_alignment=\u00a0\u00bbdefault\u00a0\u00bb phone_text_alignment=\u00a0\u00bbdefault\u00a0\u00bb column_border_width=\u00a0\u00bbnone\u00a0\u00bb column_border_style=\u00a0\u00bbsolid\u00a0\u00bb bg_image_animation=\u00a0\u00bbnone\u00a0\u00bb][\/vc_column][vc_column column_padding=\u00a0\u00bbno-extra-padding\u00a0\u00bb column_padding_position=\u00a0\u00bball\u00a0\u00bb background_color_opacity=\u00a0\u00bb1&Prime; background_hover_color_opacity=\u00a0\u00bb1&Prime; column_link_target=\u00a0\u00bb_self\u00a0\u00bb column_shadow=\u00a0\u00bbnone\u00a0\u00bb column_border_radius=\u00a0\u00bbnone\u00a0\u00bb width=\u00a0\u00bb1\/6&Prime; tablet_width_inherit=\u00a0\u00bbdefault\u00a0\u00bb tablet_text_alignment=\u00a0\u00bbdefault\u00a0\u00bb phone_text_alignment=\u00a0\u00bbdefault\u00a0\u00bb column_border_width=\u00a0\u00bbnone\u00a0\u00bb column_border_style=\u00a0\u00bbsolid\u00a0\u00bb bg_image_animation=\u00a0\u00bbnone\u00a0\u00bb][\/vc_column][\/vc_row][vc_row type=\u00a0\u00bbin_container\u00a0\u00bb full_screen_row_position=\u00a0\u00bbmiddle\u00a0\u00bb scene_position=\u00a0\u00bbcenter\u00a0\u00bb text_color=\u00a0\u00bbdark\u00a0\u00bb text_align=\u00a0\u00bbleft\u00a0\u00bb overlay_strength=\u00a0\u00bb0.3&Prime; shape_divider_position=\u00a0\u00bbbottom\u00a0\u00bb bg_image_animation=\u00a0\u00bbnone\u00a0\u00bb][vc_column column_padding=\u00a0\u00bbno-extra-padding\u00a0\u00bb column_padding_position=\u00a0\u00bball\u00a0\u00bb background_color_opacity=\u00a0\u00bb1&Prime; background_hover_color_opacity=\u00a0\u00bb1&Prime; column_link_target=\u00a0\u00bb_self\u00a0\u00bb column_shadow=\u00a0\u00bbnone\u00a0\u00bb column_border_radius=\u00a0\u00bbnone\u00a0\u00bb width=\u00a0\u00bb1\/1&Prime; tablet_width_inherit=\u00a0\u00bbdefault\u00a0\u00bb tablet_text_alignment=\u00a0\u00bbdefault\u00a0\u00bb phone_text_alignment=\u00a0\u00bbdefault\u00a0\u00bb column_border_width=\u00a0\u00bbnone\u00a0\u00bb column_border_style=\u00a0\u00bbsolid\u00a0\u00bb bg_image_animation=\u00a0\u00bbnone\u00a0\u00bb][\/vc_column][\/vc_row]\n","protected":false},"excerpt":{"rendered":"<p>[vc_row type=\u00a0\u00bbfull_width_background\u00a0\u00bb full_screen_row_position=\u00a0\u00bbmiddle\u00a0\u00bb bg_image=\u00a0\u00bb7091&Prime; bg_position=\u00a0\u00bbcenter top\u00a0\u00bb bg_repeat=\u00a0\u00bbno-repeat\u00a0\u00bb scene_position=\u00a0\u00bbcenter\u00a0\u00bb text_color=\u00a0\u00bblight\u00a0\u00bb text_align=\u00a0\u00bbleft\u00a0\u00bb top_padding=\u00a0\u00bb9%\u00a0\u00bb bottom_padding=\u00a0\u00bb6%\u00a0\u00bb enable_gradient=\u00a0\u00bbtrue\u00a0\u00bb color_overlay=\u00a0\u00bb#e84f13&Prime; color_overlay_2=\u00a0\u00bb#ffd500&Prime; gradient_direction=\u00a0\u00bbleft_t_to_right_b\u00a0\u00bb overlay_strength=\u00a0\u00bb0.8&Prime; enable_shape_divider=\u00a0\u00bbtrue\u00a0\u00bb shape_divider_position=\u00a0\u00bbbottom\u00a0\u00bb shape_divider_height=\u00a0\u00bb90&Prime; bg_image_animation=\u00a0\u00bbnone\u00a0\u00bb parallax_bg=\u00a0\u00bbtrue\u00a0\u00bb parallax_bg_speed=\u00a0\u00bbfast\u00a0\u00bb shape_type=\u00a0\u00bbcurve_opacity\u00a0\u00bb][vc_column column_padding=\u00a0\u00bbno-extra-padding\u00a0\u00bb&#8230;<\/p>\n","protected":false},"author":3,"featured_media":0,"parent":5883,"menu_order":0,"comment_status":"closed","ping_status":"closed","template":"","meta":{"footnotes":""},"class_list":["post-6685","page","type-page","status-publish"],"_links":{"self":[{"href":"https:\/\/francas-paca.fr\/francas84\/wp-json\/wp\/v2\/pages\/6685","targetHints":{"allow":["GET"]}}],"collection":[{"href":"https:\/\/francas-paca.fr\/francas84\/wp-json\/wp\/v2\/pages"}],"about":[{"href":"https:\/\/francas-paca.fr\/francas84\/wp-json\/wp\/v2\/types\/page"}],"author":[{"embeddable":true,"href":"https:\/\/francas-paca.fr\/francas84\/wp-json\/wp\/v2\/users\/3"}],"replies":[{"embeddable":true,"href":"https:\/\/francas-paca.fr\/francas84\/wp-json\/wp\/v2\/comments?post=6685"}],"version-history":[{"count":0,"href":"https:\/\/francas-paca.fr\/francas84\/wp-json\/wp\/v2\/pages\/6685\/revisions"}],"up":[{"embeddable":true,"href":"https:\/\/francas-paca.fr\/francas84\/wp-json\/wp\/v2\/pages\/5883"}],"wp:attachment":[{"href":"https:\/\/francas-paca.fr\/francas84\/wp-json\/wp\/v2\/media?parent=6685"}],"curies":[{"name":"wp","href":"https:\/\/api.w.org\/{rel}","templated":true}]}}